{"id":102,"date":"2022-12-16T21:46:10","date_gmt":"2022-12-16T20:46:10","guid":{"rendered":"https:\/\/kleingartenverei-qlxahrq5z.live-website.com\/?page_id=102"},"modified":"2023-04-18T01:02:26","modified_gmt":"2023-04-17T23:02:26","slug":"chronik","status":"publish","type":"page","link":"https:\/\/kgv-fortschritt-liebertwolkwitz.de\/index.php\/chronik\/","title":{"rendered":"Chronik"},"content":{"rendered":"\n<p>Rahmendaten des Vereins:<\/p>\n\n\n\n<figure class=\"wp-block-table\"><table><tbody><tr><td>Gemarkung:<\/td><td>Liebertwolkwitz<\/td><\/tr><tr><td>Lage:<\/td><td>Leipzig, Stadtteil Liebertwolkwitz<br>04288 Leipzig, An der Brauerei 27<\/td><\/tr><tr><td>Enstehungsjahr:<\/td><td>1. April 1932<\/td><\/tr><tr><td>Gesamtgr\u00f6\u00dfe:<\/td><td>3,6 ha<\/td><\/tr><tr><td>Anzahl der Parzellen:<\/td><td>91<\/td><\/tr><tr><td>Ausstattung:<\/td><td>Vereinsheim, Parkplatz, Spielplatz<\/td><\/tr><tr><td>Lage:<\/td><td>Die Kleingartenanlage liegt bis heute in einer ruhigen Lage im s\u00fcdwestlichen Stadtgebiet von Leipzig-Liebertwolkwitz und ist sehr gut mit dem Bus und mit dem Auto zu erreichen.<\/td><\/tr><tr><td>Anf\u00e4nge:<\/td><td>Die ersten Anf\u00e4nge der Gartenanlage gehen auf die Gr\u00fcndungsversammlung vom 1. April 1932 zur\u00fcck. Dort beschlossen 85 Gartenfreunde die &#8220;Krebssche Obstplantage&#8221; zu \u00fcbernehmen. Sie gr\u00fcndeten den Kleingartenverein &#8220;Krebssche Obstplantage&#8221;. Zum ersten Vorsitzenden w\u00e4hlten sie Herrn Paul Keller. 2 Vorsitzender wurde Herr Fritz R\u00f6mer.<\/td><\/tr><\/tbody><\/table><\/figure>\n\n\n\n<p>Im Jahre 1988 wurde dem Verein eine Urkunde \u00fcberreicht:<\/p>\n\n\n\n<figure class=\"wp-block-image size-large is-resized\"><img decoding=\"async\" loading=\"lazy\" src=\"https:\/\/kleingartenverei-qlxahrq5z.live-website.com\/wp-content\/uploads\/2022\/12\/Urkunde-705x1024.jpg\" alt=\"\" class=\"wp-image-111\" width=\"353\" height=\"512\" srcset=\"https:\/\/kgv-fortschritt-liebertwolkwitz.de\/wp-content\/uploads\/2022\/12\/Urkunde-705x1024.jpg 705w, https:\/\/kgv-fortschritt-liebertwolkwitz.de\/wp-content\/uploads\/2022\/12\/Urkunde-207x300.jpg 207w, https:\/\/kgv-fortschritt-liebertwolkwitz.de\/wp-content\/uploads\/2022\/12\/Urkunde-768x1116.jpg 768w, https:\/\/kgv-fortschritt-liebertwolkwitz.de\/wp-content\/uploads\/2022\/12\/Urkunde-1057x1536.jpg 1057w, https:\/\/kgv-fortschritt-liebertwolkwitz.de\/wp-content\/uploads\/2022\/12\/Urkunde-1410x2048.jpg 1410w, https:\/\/kgv-fortschritt-liebertwolkwitz.de\/wp-content\/uploads\/2022\/12\/Urkunde-scaled.jpg 1762w\" sizes=\"(max-width: 353px) 100vw, 353px\" \/><\/figure>\n","protected":false},"excerpt":{"rendered":"<p>Rahmendaten des Vereins: Gemarkung: Liebertwolkwitz Lage: Leipzig, Stadtteil Liebertwolkwitz04288 Leipzig, An der Brauerei 27 Enstehungsjahr: 1. April 1932 Gesamtgr\u00f6\u00dfe: 3,6 ha Anzahl der Parzellen: 91 Ausstattung: Vereinsheim, Parkplatz, Spielplatz Lage: Die Kleingartenanlage liegt bis heute in einer ruhigen Lage im s\u00fcdwestlichen Stadtgebiet von Leipzig-Liebertwolkwitz und ist sehr gut mit dem Bus und mit dem Auto [&hellip;]<\/p>\n","protected":false},"author":1,"featured_media":0,"parent":0,"menu_order":0,"comment_status":"closed","ping_status":"closed","template":"","meta":{"_bbp_topic_count":0,"_bbp_reply_count":0,"_bbp_total_topic_count":0,"_bbp_total_reply_count":0,"_bbp_voice_count":0,"_bbp_anonymous_reply_count":0,"_bbp_topic_count_hidden":0,"_bbp_reply_count_hidden":0,"_bbp_forum_subforum_count":0},"_links":{"self":[{"href":"https:\/\/kgv-fortschritt-liebertwolkwitz.de\/index.php\/wp-json\/wp\/v2\/pages\/102"}],"collection":[{"href":"https:\/\/kgv-fortschritt-liebertwolkwitz.de\/index.php\/wp-json\/wp\/v2\/pages"}],"about":[{"href":"https:\/\/kgv-fortschritt-liebertwolkwitz.de\/index.php\/wp-json\/wp\/v2\/types\/page"}],"author":[{"embeddable":true,"href":"https:\/\/kgv-fortschritt-liebertwolkwitz.de\/index.php\/wp-json\/wp\/v2\/users\/1"}],"replies":[{"embeddable":true,"href":"https:\/\/kgv-fortschritt-liebertwolkwitz.de\/index.php\/wp-json\/wp\/v2\/comments?post=102"}],"version-history":[{"count":6,"href":"https:\/\/kgv-fortschritt-liebertwolkwitz.de\/index.php\/wp-json\/wp\/v2\/pages\/102\/revisions"}],"predecessor-version":[{"id":195,"href":"https:\/\/kgv-fortschritt-liebertwolkwitz.de\/index.php\/wp-json\/wp\/v2\/pages\/102\/revisions\/195"}],"wp:attachment":[{"href":"https:\/\/kgv-fortschritt-liebertwolkwitz.de\/index.php\/wp-json\/wp\/v2\/media?parent=102"}],"curies":[{"name":"wp","href":"https:\/\/api.w.org\/{rel}","templated":true}]}}