{"id":168,"date":"2023-03-25T10:19:22","date_gmt":"2023-03-25T09:19:22","guid":{"rendered":"https:\/\/kleingartenverei-qlxahrq5z.live-website.com\/?page_id=168"},"modified":"2025-03-07T16:36:19","modified_gmt":"2025-03-07T15:36:19","slug":"neuigkeiten","status":"publish","type":"page","link":"https:\/\/kgv-fortschritt-liebertwolkwitz.de\/index.php\/neuigkeiten\/","title":{"rendered":"Neuigkeiten"},"content":{"rendered":"\n<p>Die B\u00fcrozeiten finden 2025 wie gewohnt an den geplanten Arbeitseins\u00e4tzen von 9:30 Uhr bis 11:00 Uhr statt.<\/p>\n\n\n\n<p>Die Zug\u00e4nge zum gesch\u00fctzten Loginbereich der Internetseite unseres Vereins werden ebenfalls zu den B\u00fcrozeiten ausgegeben.<\/p>\n\n\n\n<p>Der Vorstand<\/p>\n","protected":false},"excerpt":{"rendered":"<p>Die B\u00fcrozeiten finden 2025 wie gewohnt an den geplanten Arbeitseins\u00e4tzen von 9:30 Uhr bis 11:00 Uhr statt. Die Zug\u00e4nge zum gesch\u00fctzten Loginbereich der Internetseite unseres Vereins werden ebenfalls zu den B\u00fcrozeiten ausgegeben. Der Vorstand<\/p>\n","protected":false},"author":1,"featured_media":0,"parent":0,"menu_order":0,"comment_status":"closed","ping_status":"closed","template":"","meta":{"_bbp_topic_count":0,"_bbp_reply_count":0,"_bbp_total_topic_count":0,"_bbp_total_reply_count":0,"_bbp_voice_count":0,"_bbp_anonymous_reply_count":0,"_bbp_topic_count_hidden":0,"_bbp_reply_count_hidden":0,"_bbp_forum_subforum_count":0},"_links":{"self":[{"href":"https:\/\/kgv-fortschritt-liebertwolkwitz.de\/index.php\/wp-json\/wp\/v2\/pages\/168"}],"collection":[{"href":"https:\/\/kgv-fortschritt-liebertwolkwitz.de\/index.php\/wp-json\/wp\/v2\/pages"}],"about":[{"href":"https:\/\/kgv-fortschritt-liebertwolkwitz.de\/index.php\/wp-json\/wp\/v2\/types\/page"}],"author":[{"embeddable":true,"href":"https:\/\/kgv-fortschritt-liebertwolkwitz.de\/index.php\/wp-json\/wp\/v2\/users\/1"}],"replies":[{"embeddable":true,"href":"https:\/\/kgv-fortschritt-liebertwolkwitz.de\/index.php\/wp-json\/wp\/v2\/comments?post=168"}],"version-history":[{"count":7,"href":"https:\/\/kgv-fortschritt-liebertwolkwitz.de\/index.php\/wp-json\/wp\/v2\/pages\/168\/revisions"}],"predecessor-version":[{"id":417,"href":"https:\/\/kgv-fortschritt-liebertwolkwitz.de\/index.php\/wp-json\/wp\/v2\/pages\/168\/revisions\/417"}],"wp:attachment":[{"href":"https:\/\/kgv-fortschritt-liebertwolkwitz.de\/index.php\/wp-json\/wp\/v2\/media?parent=168"}],"curies":[{"name":"wp","href":"https:\/\/api.w.org\/{rel}","templated":true}]}}