{"id":178,"date":"2023-04-02T21:13:49","date_gmt":"2023-04-02T19:13:49","guid":{"rendered":"https:\/\/kgv-fortschritt-liebertwolkwitz.de\/index.php\/thank-you\/"},"modified":"2023-04-02T21:13:49","modified_gmt":"2023-04-02T19:13:49","slug":"thank-you","status":"publish","type":"page","link":"https:\/\/kgv-fortschritt-liebertwolkwitz.de\/index.php\/thank-you\/","title":{"rendered":"Thank You"},"content":{"rendered":"<div class=\"swpm-ty-page-registration\"><div class=\"swpm-ty-page-registration-link swpm-yellow-box\">Wenn Sie gerade eine Mitgliedszahlung get\u00e4tigt haben, dann ist Ihre Zahlung noch nicht verarbeitet worden. Bitte \u00fcberpr\u00fcfen Sie dies in wenigen Minuten. Sie erhalten in K\u00fcrze eine E-Mail mit den Details.<\/div><\/div>\n","protected":false},"excerpt":{"rendered":"","protected":false},"author":1,"featured_media":0,"parent":0,"menu_order":0,"comment_status":"closed","ping_status":"closed","template":"","meta":{"_bbp_topic_count":0,"_bbp_reply_count":0,"_bbp_total_topic_count":0,"_bbp_total_reply_count":0,"_bbp_voice_count":0,"_bbp_anonymous_reply_count":0,"_bbp_topic_count_hidden":0,"_bbp_reply_count_hidden":0,"_bbp_forum_subforum_count":0},"_links":{"self":[{"href":"https:\/\/kgv-fortschritt-liebertwolkwitz.de\/index.php\/wp-json\/wp\/v2\/pages\/178"}],"collection":[{"href":"https:\/\/kgv-fortschritt-liebertwolkwitz.de\/index.php\/wp-json\/wp\/v2\/pages"}],"about":[{"href":"https:\/\/kgv-fortschritt-liebertwolkwitz.de\/index.php\/wp-json\/wp\/v2\/types\/page"}],"author":[{"embeddable":true,"href":"https:\/\/kgv-fortschritt-liebertwolkwitz.de\/index.php\/wp-json\/wp\/v2\/users\/1"}],"replies":[{"embeddable":true,"href":"https:\/\/kgv-fortschritt-liebertwolkwitz.de\/index.php\/wp-json\/wp\/v2\/comments?post=178"}],"version-history":[{"count":0,"href":"https:\/\/kgv-fortschritt-liebertwolkwitz.de\/index.php\/wp-json\/wp\/v2\/pages\/178\/revisions"}],"wp:attachment":[{"href":"https:\/\/kgv-fortschritt-liebertwolkwitz.de\/index.php\/wp-json\/wp\/v2\/media?parent=178"}],"curies":[{"name":"wp","href":"https:\/\/api.w.org\/{rel}","templated":true}]}}