{"id":20,"date":"2022-11-03T07:19:38","date_gmt":"2022-11-03T06:19:38","guid":{"rendered":"https:\/\/kleingartenverei-qlxahrq5z.live-website.com\/?page_id=20"},"modified":"2023-01-07T04:16:22","modified_gmt":"2023-01-07T03:16:22","slug":"https-kleingarten-leipzig-de","status":"publish","type":"page","link":"https:\/\/kgv-fortschritt-liebertwolkwitz.de\/index.php\/https-kleingarten-leipzig-de\/","title":{"rendered":"Kreisverband"},"content":{"rendered":"\n<p>Der\u00a0<strong>Kreisverband Leipzig der Kleing\u00e4rtner Westsachsen e.V.<\/strong>\u00a0ist der \u00fcbergeordnete Verein des Kleingartenverein Fortschritt Liebertwolkwitz e.V. Seit 1907 vertritt er die Interessen der Kleing\u00e4rtner in Leipzig und Umgebung und steht jedem interessierten Verein offen und tr\u00e4gt dazu bei, die kleing\u00e4rtnerischen Werte, Ideale und rechtlichen Errungenschaften zu wahren.<\/p>\n\n\n\n<p><a href=\"https:\/\/kleingarten-leipzig.de\">https:\/\/kleingarten-leipzig.de<\/a><\/p>\n","protected":false},"excerpt":{"rendered":"<p>Der\u00a0Kreisverband Leipzig der Kleing\u00e4rtner Westsachsen e.V.\u00a0ist der \u00fcbergeordnete Verein des Kleingartenverein Fortschritt Liebertwolkwitz e.V. Seit 1907 vertritt er die Interessen der Kleing\u00e4rtner in Leipzig und Umgebung und steht jedem interessierten Verein offen und tr\u00e4gt dazu bei, die kleing\u00e4rtnerischen Werte, Ideale und rechtlichen Errungenschaften zu wahren. https:\/\/kleingarten-leipzig.de<\/p>\n","protected":false},"author":1,"featured_media":0,"parent":0,"menu_order":0,"comment_status":"closed","ping_status":"closed","template":"","meta":{"_bbp_topic_count":0,"_bbp_reply_count":0,"_bbp_total_topic_count":0,"_bbp_total_reply_count":0,"_bbp_voice_count":0,"_bbp_anonymous_reply_count":0,"_bbp_topic_count_hidden":0,"_bbp_reply_count_hidden":0,"_bbp_forum_subforum_count":0},"_links":{"self":[{"href":"https:\/\/kgv-fortschritt-liebertwolkwitz.de\/index.php\/wp-json\/wp\/v2\/pages\/20"}],"collection":[{"href":"https:\/\/kgv-fortschritt-liebertwolkwitz.de\/index.php\/wp-json\/wp\/v2\/pages"}],"about":[{"href":"https:\/\/kgv-fortschritt-liebertwolkwitz.de\/index.php\/wp-json\/wp\/v2\/types\/page"}],"author":[{"embeddable":true,"href":"https:\/\/kgv-fortschritt-liebertwolkwitz.de\/index.php\/wp-json\/wp\/v2\/users\/1"}],"replies":[{"embeddable":true,"href":"https:\/\/kgv-fortschritt-liebertwolkwitz.de\/index.php\/wp-json\/wp\/v2\/comments?post=20"}],"version-history":[{"count":4,"href":"https:\/\/kgv-fortschritt-liebertwolkwitz.de\/index.php\/wp-json\/wp\/v2\/pages\/20\/revisions"}],"predecessor-version":[{"id":138,"href":"https:\/\/kgv-fortschritt-liebertwolkwitz.de\/index.php\/wp-json\/wp\/v2\/pages\/20\/revisions\/138"}],"wp:attachment":[{"href":"https:\/\/kgv-fortschritt-liebertwolkwitz.de\/index.php\/wp-json\/wp\/v2\/media?parent=20"}],"curies":[{"name":"wp","href":"https:\/\/api.w.org\/{rel}","templated":true}]}}