{"id":3,"date":"2022-10-29T21:55:42","date_gmt":"2022-10-29T19:55:42","guid":{"rendered":"https:\/\/kleingartenverei-qlxahrq5z.live-website.com\/?page_id=3"},"modified":"2023-02-23T00:48:22","modified_gmt":"2023-02-22T23:48:22","slug":"datenschutzerklaerung","status":"publish","type":"page","link":"https:\/\/kgv-fortschritt-liebertwolkwitz.de\/index.php\/datenschutzerklaerung\/","title":{"rendered":"Datenschutzerkl\u00e4rung"},"content":{"rendered":"\n<h2><strong>Datenschutzerkl\u00e4rung<\/strong><\/h2>\n\n\n\n<h3><strong>Aktualisierung unserer&nbsp;<\/strong><strong>Datenschutzhinweise Stand: 22.10.2022<\/strong><\/h3>\n\n\n\n<p>Auf Grundlage der Entscheidung des Europ\u00e4ischen Gerichtshofes vom 16.07.2020&nbsp; setzen wir hiermit unsere Kunden, Gesch\u00e4ftspartner, Mitarbeiter, Webseitenbesucher und sonstige Kommunikationspartner davon in Kenntnis, dass m\u00f6glicherweise bei einer Nutzung US-amerikanischer Dienstleister wie Amazon, Asana, Facebook, Google, MailChimp, Twitter, TeamViewer, YouTube, Microsoft, etc. und ihrer jeweiligen europ\u00e4ischen Tochterunternehmen im Rahmen der Kommunikation kein angemessenes und den EU-Regeln vergleichbares Datenschutzniveau eingehalten werden&nbsp;kann.<\/p>\n\n\n\n<p>Aufgrund nationaler Gesetze kann ein au\u00dfereurop\u00e4ischer Anbieter wegen des nationalen Rechts gezwungen sein, Kommunikationsdaten an nationale Sicherheitsbeh\u00f6rden herauszugeben, ohne dass diese Herausgabe in einem unabh\u00e4ngigen gerichtlichen Verfahren auf Antrag des Betroffenen auf seine Rechtm\u00e4\u00dfigkeit hin gepr\u00fcft werden&nbsp;kann.<\/p>\n\n\n\n<p>Da diese Feststellung des Gerichtes auch f\u00fcr Unternehmen mit Sitz und Datenverarbeitung in Europa sowohl unter dem sog. EU-US Privacy Shield , als auch den Standardvertragsklauseln sowie den Verbindlichen Unternehmensregelungen zutrifft, m\u00fcssen wir nunmehr im Einzelfall alle Daten\u00fcbermittlungen an Drittanbieter pr\u00fcfen und gegebenenfalls einstellen oder durch EU-ans\u00e4ssige Anbieter ersetzen.<br>Hierzu sind wir gegenw\u00e4rtig im Gespr\u00e4ch mit unseren Dienstleistern und den Aufsichtsbeh\u00f6rden.<\/p>\n\n\n\n<figure class=\"wp-block-image\"><img decoding=\"async\" src=\"https:\/\/kleingarten-leipzig.de\/wp-content\/uploads\/2020\/12\/trennergruen-1024x5-1.png\" alt=\"Trenner\" class=\"wp-image-6740\"\/><\/figure>\n\n\n\n<h3>1.<strong>&nbsp;Name und Kontaktdaten des f\u00fcr die Verarbeitung Verantwortlichen sowie des betrieblichen Datenschutzbeauftragten<\/strong><\/h3>\n\n\n\n<p><strong>Diese Datenschutz-Information gilt f\u00fcr die Datenverarbeitung&nbsp;durch:<\/strong><\/p>\n\n\n\n<p><strong>Verantwortlicher:<\/strong><br><\/p>\n\n\n\n<p>Gartenverein \u201cFortschritt\u201d e.V. Liebertwolkwitz<br>An der Brauerei 27<br>04288 Leipzig<\/p>\n\n\n\n<p><strong>Email:<\/strong>&nbsp;kgvfortschritt@gmx.net<br><strong>Telefon:<\/strong>&nbsp;+49 177 2853361<\/p>\n\n\n\n<p><strong>Datenschutzbeauftragter:<\/strong>&nbsp;Dr. J\u00fcrgen Fechner, 04288 Leipzig, Walter-Markov-Ring 42, 04288 Leipzig,&nbsp;<strong>Email:<\/strong>&nbsp;<a href=\"mailto:info@fue-soft.de\">info@fue-soft.de<\/a>&nbsp;<strong>Telefon:<\/strong>&nbsp;+49 171 8266933.<\/p>\n\n\n\n<h3><strong>2. Erhebung und Speicherung personenbezogener Daten sowie Art und Zweck von deren Verwendung<\/strong><\/h3>\n\n\n\n<h4><strong>a) Beim Besuch der Website<\/strong><\/h4>\n\n\n\n<p>Beim Aufrufen unserer Website&nbsp;KGV Fortschritt e.V. Liebertwolkwitz<strong>&nbsp;<\/strong>werden durch den auf Ihrem Endger\u00e4t zum Einsatz kommenden Browser automatisch Informationen an den Server unserer Website gesendet. Diese Informationen werden tempor\u00e4r in einem sog. Logfile gespeichert. Folgende Informationen werden dabei ohne Ihr Zutun erfasst und bis zur automatisierten L\u00f6schung gespeichert:<\/p>\n\n\n\n<ul><li>IP-Adresse des anfragenden Rechners,<\/li><li>Datum und Uhrzeit des Zugriffs,<\/li><li>Name und URL der abgerufenen&nbsp;Datei,<\/li><li>Website, von der aus der Zugriff erfolgt (Referrer-URL),<\/li><li>verwendeter Browser und ggf. das Betriebssystem Ihres Rechners sowie der Name Ihres Access-Providers.<\/li><\/ul>\n\n\n\n<p>Die genannten Daten werden durch uns zu folgenden Zwecken verarbeitet:<\/p>\n\n\n\n<ul><li>Gew\u00e4hrleistung eines reibungslosen Verbindungsaufbaus der Website,<\/li><li>Gew\u00e4hrleistung einer komfortablen Nutzung unserer Website,<\/li><li>Auswertung der Systemsicherheit und \u2011stabilit\u00e4t&nbsp;sowie<\/li><li>zu weiteren administrativen Zwecken.<\/li><\/ul>\n\n\n\n<p>Die Rechtsgrundlage f\u00fcr die Datenverarbeitung ist Art. 6 Abs. 1 S. 1 lit. f DSGVO (berechtigtes Interesse). Unser berechtigtes Interesse folgt aus oben aufgelisteten Zwecken zur Datenerhebung. In keinem Fall verwenden wir die erhobenen Daten zu dem Zweck, R\u00fcckschl\u00fcsse auf Ihre Person zu ziehen.<\/p>\n\n\n\n<p>Dar\u00fcber hinaus setzen wir beim Besuch unserer Website Cookies sowie Analyse-Dienste ein. N\u00e4here Erl\u00e4uterungen dazu erhalten Sie unter den Ziff. 4 und 5 dieser Datenschutzerkl\u00e4rung.<\/p>\n\n\n\n<h3><strong>3. Weitergabe von&nbsp;Daten<\/strong><\/h3>\n\n\n\n<p>Eine \u00dcbermittlung Ihrer pers\u00f6nlichen Daten an Dritte zu anderen als den im Folgenden aufgef\u00fchrten Zwecken durch uns findet nicht aktiv&nbsp;statt.<\/p>\n\n\n\n<p>Wir geben Ihre pers\u00f6nlichen Daten nur an Dritte weiter,&nbsp;wenn:<\/p>\n\n\n\n<ul><li>Sie Ihre nach Art. 6 Abs. 1 S. 1 lit. a DSGVO ausdr\u00fcckliche Einwilligung dazu erteilt haben,<\/li><li>die Weitergabe nach Art. 6 Abs. 1 S. 1 lit. f DSGVO zur Geltendmachung, Aus\u00fcbung oder Verteidigung von Rechtsanspr\u00fcchen erforderlich ist und kein Grund zur Annahme besteht, dass Sie ein \u00fcberwiegend schutzw\u00fcrdiges Interesse an der Nichtweitergabe Ihrer Daten&nbsp;haben,<\/li><li>f\u00fcr den Fall, dass f\u00fcr die Weitergabe nach Art. 6 Abs. 1 S. 1 lit. c DSGVO eine gesetzliche Verpflichtung besteht, sowie<\/li><li>das gesetzlich zul\u00e4ssig und nach Art. 6 Abs. 1 S. 1 lit. b DSGVO f\u00fcr die Abwicklung von Vertragsverh\u00e4ltnissen mit Ihnen erforderlich&nbsp;ist.<\/li><\/ul>\n\n\n\n<h3><strong>4. Cookies<\/strong><\/h3>\n\n\n\n<p><strong>Wir setzen auf unserer Seite Cookies ein<\/strong>. Hierbei handelt es sich um kleine Dateien, die Ihr Browser automatisch erstellt und die auf Ihrem Endger\u00e4t (Laptop, Tablet, Smartphone o.\u00e4.) gespeichert werden, wenn Sie unsere Seite besuchen.&nbsp;<strong>Cookies richten auf Ihrem Endger\u00e4t keinen Schaden an, enthalten keine Viren, Trojaner oder sonstige Schadsoftware<\/strong>.<\/p>\n\n\n\n<p>In dem Cookie werden Informationen abgelegt, die sich jeweils im Zusammenhang mit dem spezifisch eingesetzten Endger\u00e4t ergeben. Das bedeutet jedoch nicht, dass wir dadurch unmittelbar Kenntnis von Ihrer Identit\u00e4t erhalten.<\/p>\n\n\n\n<p>Der Einsatz von Cookies dient einerseits dazu, die Nutzung unseres Angebots f\u00fcr Sie angenehmer zu gestalten. So setzen wir sogenannte&nbsp;<strong>Session-Cookies<\/strong>&nbsp;ein, um zu erkennen, dass Sie einzelne Seiten unserer Website bereits besucht haben.&nbsp;<strong>Diese Cookies werden nach Verlassen unserer Seite automatisch gel\u00f6scht<\/strong>.<\/p>\n\n\n\n<p>Dar\u00fcber hinaus setzen wir ebenfalls zur Optimierung der Benutzerfreundlichkeit&nbsp;<strong>tempor\u00e4re Cookies<\/strong>&nbsp;ein, die f\u00fcr einen bestimmten festgelegten Zeitraum auf Ihrem Endger\u00e4t gespeichert werden. Besuchen Sie unsere Seite erneut, um unsere Dienste in Anspruch zu nehmen, wird automatisch erkannt, dass Sie bereits bei uns waren und welche Eingaben und Einstellungen Sie get\u00e4tigt haben, um diese nicht noch einmal eingeben zu m\u00fcssen.<\/p>\n\n\n\n<p>Zum anderen setzten wir Cookies ein, um die Nutzung unserer Website statistisch zu erfassen und&nbsp;<strong>zum Zwecke der Optimierung unseres<\/strong>&nbsp;<strong>Angebotes<\/strong>&nbsp;f\u00fcr Sie auszuwerten (siehe Ziff. 5). Diese Cookies erm\u00f6glichen es uns, bei einem erneuten Besuch unserer Seite automatisch zu erkennen, dass Sie bereits bei uns waren.&nbsp;<strong>Diese Cookies werden nach einer jeweils definierten Zeit automatisch gel\u00f6scht.<\/strong><\/p>\n\n\n\n<p>Die durch Cookies verarbeiteten Daten sind f\u00fcr die genannten Zwecke zur Wahrung unserer berechtigten Interessen sowie der Dritter nach Art. 6 Abs. 1 S. 1 lit. f DSGVO erforderlich.<\/p>\n\n\n\n<p>Die meisten Browser akzeptieren Cookies automatisch. Sie k\u00f6nnen Ihren Browser jedoch so konfigurieren, dass keine Cookies auf Ihrem Computer gespeichert werden oder stets ein Hinweis erscheint, bevor ein neuer Cookie angelegt wird. Die vollst\u00e4ndige Deaktivierung von Cookies kann jedoch dazu f\u00fchren, dass Sie nicht alle Funktionen unserer Website nutzen k\u00f6nnen.<\/p>\n\n\n\n<h4><strong>Widerspruchsm\u00f6glichkeit:&nbsp;<\/strong><\/h4>\n\n\n\n<p>Sollten Sie den Einsatz von Cookies nicht w\u00fcnschen oder bestehende Cookies l\u00f6schen wollen, k\u00f6nnen Sie diese \u00fcber Ihren Internetbrowser abschalten und entfernen. N\u00e4here Informationen zum L\u00f6schen oder Unterbinden von Cookies erhalten Sie in den Hilfetexten zu Ihrem Browser oder im Internet etwa unter den Suchworten \u201cCookies deaktivieren\u201d oder \u201cCookies l\u00f6schen\u201d (Anleitung zum L\u00f6schen im&nbsp;<a href=\"http:\/\/support.microsoft.com\/kb\/278835\/de\" target=\"_blank\" rel=\"noreferrer noopener\">Microsoft Internet Explorer<\/a>. Anleitung zum L\u00f6schen in&nbsp;<a href=\"http:\/\/support.mozilla.com\/de\/kb\/Cookies+l%C3%B6schen\" target=\"_blank\" rel=\"noreferrer noopener\">Mozilla Firefox<\/a>.&nbsp;Anleitung zum L\u00f6schen in&nbsp;<a href=\"http:\/\/docs.info.apple.com\/article.html?path=Safari\/3.0\/de\/11471.html\" target=\"_blank\" rel=\"noreferrer noopener\">Safari<\/a>).<\/p>\n\n\n\n<p>Mit dem Click auf &#8220;OK&#8221; auf dem Cookie-Banner beim Laden der Webseite wurde das Einverst\u00e4ndnis zur Nutzung von Cookies gegeben. Andernfalls kann die Seite nicht genutzt werden.<\/p>\n\n\n\n<h3><strong>5. Dienstleister<\/strong><\/h3>\n\n\n\n<h4><strong>a) Google Maps Plugin<\/strong><\/h4>\n\n\n\n<p>Wir setzen auf unserer Webseite ein Plugin des Internetdienstes Google Maps ein. Betreiber von Google Maps ist&nbsp;<strong>Google Inc.<\/strong>, ans\u00e4ssig in den&nbsp;<strong>USA<\/strong>,&nbsp;<strong>CA 94043, 1600 Amphitheatre Parkway<\/strong>,&nbsp;<strong>Mountain<\/strong>&nbsp;<strong>View<\/strong>. Indem Sie Google Maps auf unserer Webseite nutzen, werden Informationen \u00fcber die Nutzung dieser Webseite und Ihre IP-Adresse an einen Google-Server in den USA \u00fcbermittelt und auch auf diesem Server gespeichert.&nbsp;<strong>Wir haben weder Kenntnis \u00fcber den genauen Inhalt der \u00fcbermittelten Daten<\/strong>,&nbsp;<strong>noch \u00fcber ihre Nutzung durch Google. Wir k\u00f6nnen diese auch nicht verhindern.<\/strong>&nbsp;Das Unternehmen verneint in diesem Kontext die Verbindung der Daten mit Informationen aus anderen Google-Diensten und die Erfassung personenbezogener Daten. Allerdings kann Google die Informationen an Dritte \u00fcbermitteln. Wenn Sie Javascript in Ihrem Browser deaktivieren, verhindern Sie die Ausf\u00fchrung von Google Maps. Sie k\u00f6nnen dann aber auch keine Kartenanzeige auf unserer Webseite nutzen. Bei Nutzung der angebotenen GoogleMaps-Karten werden (von uns nicht beeinflussbar) Google Web Fonts nachgeladen und installiert. Diese senden ihre IP-Adresse und ggf. andere Personenbezogene Daten in Drittstaaten.&nbsp;&nbsp;<strong>Mit der Nutzung unserer angebotenen GoogleMaps-Karten erkl\u00e4ren Sie Ihr Einverst\u00e4ndnis mit der beschriebenen Erfassung und Verarbeitung der Informationen durch Google Inc.<\/strong>. N\u00e4heres zu den Datenschutzbestimmungen und Nutzungsbedingungen f\u00fcr Google Maps erfahren Sie hier:&nbsp;<a href=\"https:\/\/www.google.com\/intl\/de_de\/help\/terms_maps.html\">https:\/\/www.google.com\/intl\/de_de\/help\/terms_maps.html<\/a>.<\/p>\n\n\n\n<h4><strong>b) Google Web&nbsp;Fonts<\/strong><\/h4>\n\n\n\n<p>Diese Seite nutzt zur einheitlichen Darstellung von Schriftarten so genannte Web Fonts, die von Google bereitgestellt werden. Beim Aufruf einer Seite l\u00e4dt Ihr Browser die ben\u00f6tigten Web Fonts in ihren Browsercache, um Texte und Schriftarten korrekt anzuzeigen.<\/p>\n\n\n\n<p>Zu diesem Zweck muss der von Ihnen verwendete Browser Verbindung zu den Servern von Google aufnehmen. Hierdurch erlangt Google Kenntnis dar\u00fcber, dass \u00fcber Ihre IP-Adresse unsere Website aufgerufen wurde. Die Nutzung von Google Web Fonts erfolgt im Interesse einer einheitlichen und ansprechenden Darstellung unserer Online-Angebote. Das stellt ein berechtigtes Interesse im Sinne von Art. 6 Abs. 1 lit. f DSGVO&nbsp;dar.<\/p>\n\n\n\n<p>Wenn Ihr Browser Web Fonts nicht unterst\u00fctzt, wird eine Standardschrift von Ihrem Computer genutzt.<\/p>\n\n\n\n<p>Weitere Informationen zu Google Web Fonts finden Sie unter&nbsp;<a href=\"https:\/\/developers.google.com\/fonts\/faq\">https:\/\/developers.google.com\/fonts\/faq<\/a>&nbsp;und in der Datenschutzerkl\u00e4rung von Google:&nbsp;<a href=\"https:\/\/www.google.com\/policies\/privacy\/\">https:\/\/www.google.com\/policies\/privacy\/<\/a>.<\/p>\n\n\n\n<h3><strong>6. Ihre Rechte als von der Datenverarbeitung betroffene Person<\/strong><\/h3>\n\n\n\n<p><strong>Sie haben das&nbsp;Recht:<\/strong><\/p>\n\n\n\n<ul><li>gem\u00e4\u00df Art. 15 DSGVO Auskunft \u00fcber Ihre von uns verarbeiteten personenbezogenen Daten zu verlangen. Insbesondere k\u00f6nnen Sie Auskunft \u00fcber die Verarbeitungszwecke, die Kategorie der personenbezogenen Daten, die Kategorien von Empf\u00e4ngern, gegen\u00fcber denen Ihre Daten offen gelegt wurden oder werden, die geplante Speicherdauer, das Bestehen eines Rechts auf Berichtigung, L\u00f6schung, Einschr\u00e4nkung der Verarbeitung oder Widerspruch, das Bestehen eines Beschwerderechts, die Herkunft ihrer Daten, sofern diese nicht bei uns erhoben wurden, sowie \u00fcber das Bestehen einer automatisierten Entscheidungsfindung einschlie\u00dflich Profiling und ggf. aussagekr\u00e4ftigen Informationen zu deren Einzelheiten verlangen;<\/li><li>gem\u00e4\u00df Art. 16 DSGVO unverz\u00fcglich die Berichtigung unrichtiger oder Vervollst\u00e4ndigung Ihrer bei uns gespeicherten personenbezogenen Daten zu verlangen;<\/li><li>gem\u00e4\u00df Art. 17 DSGVO die L\u00f6schung Ihrer bei uns gespeicherten personenbezogenen Daten zu verlangen, soweit nicht die Verarbeitung zur Aus\u00fcbung des Rechts auf freie Meinungs\u00e4u\u00dferung und Information, zur Erf\u00fcllung einer rechtlichen Verpflichtung, aus Gr\u00fcnden des \u00f6ffentlichen Interesses oder zur Geltendmachung, Aus\u00fcbung oder Verteidigung von Rechtsanspr\u00fcchen erforderlich&nbsp;ist;<\/li><li>gem\u00e4\u00df Art. 18 DSGVO die Einschr\u00e4nkung der Verarbeitung Ihrer personenbezogenen Daten zu verlangen, soweit die Richtigkeit der Daten von Ihnen bestritten wird, die Verarbeitung unrechtm\u00e4\u00dfig ist, Sie aber deren L\u00f6schung ablehnen und wir die Daten nicht mehr ben\u00f6tigen, Sie jedoch diese zur Geltendmachung, Aus\u00fcbung oder Verteidigung von Rechtsanspr\u00fcchen ben\u00f6tigen oder Sie gem\u00e4\u00df Art. 21 DSGVO Widerspruch gegen die Verarbeitung eingelegt&nbsp;haben;<\/li><li>gem\u00e4\u00df Art. 20 DSGVO Ihre personenbezogenen Daten, die Sie uns bereitgestellt haben, in einem strukturierten, g\u00e4ngigen und maschinenlesbaren Format zu erhalten oder die \u00dcbermittlung an einen anderen Verantwortlichen zu verlangen;<\/li><li>gem\u00e4\u00df Art. 7 Abs. 3 DSGVO Ihre einmal erteilte Einwilligung jederzeit gegen\u00fcber uns zu widerrufen. Das hat zur Folge, dass wir die Datenverarbeitung, die auf dieser Einwilligung beruhte, f\u00fcr die Zukunft nicht mehr fortf\u00fchren d\u00fcrfen&nbsp;und<\/li><li>gem\u00e4\u00df Art. 77 DSGVO sich bei einer Aufsichtsbeh\u00f6rde zu beschweren. In der Regel k\u00f6nnen Sie sich hierf\u00fcr an die Aufsichtsbeh\u00f6rde Ihres \u00fcblichen Aufenthaltsortes oder Arbeitsplatzes oder unseres Kanzleisitzes wenden.<\/li><\/ul>\n\n\n\n<h3><strong>7. Widerspruchsrecht<\/strong><\/h3>\n\n\n\n<p>Sofern Ihre personenbezogenen Daten auf Grundlage von berechtigten Interessen gem\u00e4\u00df Art. 6 Abs. 1 S. 1 lit. f DSGVO verarbeitet werden, haben Sie das Recht, gem\u00e4\u00df Art. 21 DSGVO Widerspruch gegen die Verarbeitung Ihrer personenbezogenen Daten einzulegen, soweit daf\u00fcr Gr\u00fcnde vorliegen, die sich aus Ihrer besonderen Situation ergeben oder sich der Widerspruch gegen Direktwerbung richtet. Im letzteren Fall haben Sie ein generelles Widerspruchsrecht, das ohne Angabe einer besonderen Situation von uns umgesetzt&nbsp;wird.<\/p>\n\n\n\n<p>M\u00f6chten Sie von Ihrem Widerrufs- oder Widerspruchsrecht Gebrauch machen, gen\u00fcgt eine E\u2011Mail an&nbsp;kgvfortschritt@gmx.net.<\/p>\n\n\n\n<h3><strong>8. Datensicherheit \/ E\u2011Mail-Kommunikation<\/strong><\/h3>\n\n\n\n<p>8.1. Wir verwenden innerhalb des Website-Besuchs das verbreitete&nbsp;<strong>SSL-Verfahren (Secure Socket Layer)<\/strong>&nbsp;in Verbindung mit der jeweils h\u00f6chsten Verschl\u00fcsselungsstufe, die von Ihrem Browser unterst\u00fctzt wird. In der Regel handelt es sich dabei um eine&nbsp;<strong>256 Bit<\/strong>&nbsp;<strong>Verschl\u00fcsselung<\/strong>. Falls Ihr Browser keine 256-Bit Verschl\u00fcsselung unterst\u00fctzt, greifen wir stattdessen auf&nbsp;<strong>128-Bit v3 Technologie<\/strong>&nbsp;zur\u00fcck. Ob eine einzelne Seite unseres Internetauftrittes verschl\u00fcsselt \u00fcbertragen wird, erkennen Sie an der geschlossenen Darstellung des Sch\u00fcssel- beziehungsweise Schloss-Symbols in der unteren Statusleiste Ihres Browsers.<\/p>\n\n\n\n<p>Wir bedienen uns im \u00dcbrigen geeigneter technischer und organisatorischer Sicherheitsma\u00dfnahmen, um Ihre Daten gegen zuf\u00e4llige oder vors\u00e4tzliche Manipulationen, teilweisen oder vollst\u00e4ndigen Verlust, Zerst\u00f6rung oder gegen den unbefugten Zugriff Dritter zu sch\u00fctzen. Unsere Sicherheitsma\u00dfnahmen werden entsprechend der technologischen Entwicklung fortlaufend verbessert.<\/p>\n\n\n\n<p><strong>8.2 Grunds\u00e4tzlich sind E\u2011Mails, die ohne zus\u00e4tzliche Sicherungsma\u00dfnahmen (Verschl\u00fcsselung) \u00fcber Internet verschickt werden so wenig vertraulich wie eine Postkarte. Sofern Sie mit uns per E\u2011Mail ohne zus\u00e4tzliche Absicherung der Vertraulichkeit kommunizieren, gehen wir davon aus, dass Sie sich dieses technischen Umstandes bewusst sind und uns gestatten, Ihnen ebenfalls per einfacher E\u2011Mail zu antworten.<\/strong><\/p>\n\n\n\n<p>8.3 Wir legen allerdings sehr viel Wert auf die Vertraulichkeit auch in der Kommunikation per E\u2011Mail. Unser Provider bietet Ihnen deshalb automatisch \u00fcber Ihren E\u2011Mail-Provider eine abgesicherte E\u2011Mail-Kommunikation&nbsp;an.<\/p>\n\n\n\n<p>Unser deutscher Hosting-Provider baut die E\u2011Mail-Kommunikation mit Ihnen auf zus\u00e4tzlichen Sicherheitsma\u00dfnahmen auf. Die Sicherheit h\u00e4ngt dabei davon ab, ob auch Ihr E\u2011Mail-Provider Ihnen die selben Sicherheitsma\u00dfnahmen anbietet. Unter&nbsp;<a href=\"https:\/\/dane.sys4.de\/\" target=\"_blank\" rel=\"noreferrer noopener\">https:\/\/dane.sys4.de<\/a>&nbsp;k\u00f6nnen Sie testen, ob Ihr E\u2011Mail-Provider die aktuellen Sicherheitsstandards einsetzt. Sollten Sie Zweifel daran haben, k\u00f6nnen wir alternative Absicherungsma\u00dfnahmen besprechen, z.B. die nachstehend genannte PGP-E-Mail-Verschl\u00fcsselung.<\/p>\n\n\n\n<h4><strong><a>PGP-E-Mail-Verschl\u00fcsselung<\/a>&nbsp;<\/strong><\/h4>\n\n\n\n<p>Eine bessere und daher zu empfehlende Verschl\u00fcsselung (Kryptographie) der Daten\u00fcbertragung ist mit asymmetrischer Verschl\u00fcsselung nach dem Austausch \u00f6ffentlicher Schl\u00fcssel m\u00f6glich. Wir stelle Ihnen gerne unseren \u00f6ffentlichen PGP-Schl\u00fcssel zur Verf\u00fcgung (<a href=\"https:\/\/de.wikipedia.org\/wiki\/Pretty_Good_Privacy\" target=\"_blank\" rel=\"noreferrer noopener\">PGP: Pretty Good Privacy<\/a>).<\/p>\n\n\n\n<p>Sie k\u00f6nnen diesen Schl\u00fcssel verwenden, um Nachrichten zu verschl\u00fcsseln.<\/p>\n\n\n\n<p>Damit Sie sicher kommunizieren k\u00f6nnen, m\u00fcssen Sie eine&nbsp;<a href=\"https:\/\/de.wikipedia.org\/wiki\/OpenPGP\" target=\"_blank\" rel=\"noreferrer noopener\">OpenPGP&nbsp;Software<\/a>&nbsp;auf Ihrem Computer installieren. Hier eine Liste m\u00f6glicher L\u00f6sungen f\u00fcr verschiedene Betriebssysteme:<\/p>\n\n\n\n<ul><li>macOS&nbsp;<a href=\"https:\/\/gpgtools.tenderapp.com\/kb\/how-to\/erste-schritte-gpgtools-einrichten-einen-schlssel-erstellen-deine-erste-verschlsselte-mail\">https:\/\/gpgtools.tenderapp.com\/kb\/how-to\/erste-schritte-gpgtools-einrichten-einen-schlssel-erstellen-deine-erste-verschlsselte-mail<\/a><\/li><li>Linux&nbsp;<a href=\"https:\/\/ssd.eff.org\/en\/module\/how-use-pgp-linux\">https:\/\/ssd.eff.org\/en\/module\/how-use-pgp-linux<\/a><\/li><li>Windows&nbsp;<a href=\"https:\/\/ssd.eff.org\/en\/module\/how-use-pgp-windows-pc\">https:\/\/ssd.eff.org\/en\/module\/how-use-pgp-windows-pc<\/a><\/li><li>iOS&nbsp;<a href=\"https:\/\/itunes.apple.com\/app\/ipgmail\/id430780873?mt=8\">https:\/\/itunes.apple.com\/app\/ipgmail\/id430780873?mt=8<\/a><\/li><li>Android&nbsp;<a href=\"https:\/\/play.google.com\/store\/apps\/details?id=org.sufficientlysecure.keychain\">https:\/\/play.google.com\/store\/apps\/details?id=org.sufficientlysecure.keychain<\/a><\/li><\/ul>\n\n\n\n<p>Bitte importieren Sie den \u00f6ffentlichen Schl\u00fcssel in Ihre lokale Open PGP Schl\u00fcsselverwaltung, um damit eine Nachricht an uns zu verschl\u00fcsseln.<\/p>\n\n\n\n<h3><strong>9. Aktualit\u00e4t und \u00c4nderung dieser Datenschutzerkl\u00e4rung<\/strong><\/h3>\n\n\n\n<p>Durch die Weiterentwicklung unserer Website und Angebote dar\u00fcber oder aufgrund ge\u00e4nderter gesetzlicher beziehungsweise beh\u00f6rdlicher Vorgaben kann es notwendig werden, diese Datenschutzerkl\u00e4rung zu \u00e4ndern. Die jeweils aktuelle Datenschutzerkl\u00e4rung kann jederzeit auf der Website unter&nbsp;<a href=\"https:\/\/kleingartenverei-qlxahrq5z.live-website.com\/index.php\/datenschutzerklaerung\/\" data-type=\"page\" data-id=\"3\">Datenschutzerkl\u00e4rung<\/a> von Ihnen abgerufen und ausgedruckt werden.<\/p>\n","protected":false},"excerpt":{"rendered":"<p>Datenschutzerkl\u00e4rung Aktualisierung unserer&nbsp;Datenschutzhinweise Stand: 22.10.2022 Auf Grundlage der Entscheidung des Europ\u00e4ischen Gerichtshofes vom 16.07.2020&nbsp; setzen wir hiermit unsere Kunden, Gesch\u00e4ftspartner, Mitarbeiter, Webseitenbesucher und sonstige Kommunikationspartner davon in Kenntnis, dass m\u00f6glicherweise bei einer Nutzung US-amerikanischer Dienstleister wie Amazon, Asana, Facebook, Google, MailChimp, Twitter, TeamViewer, YouTube, Microsoft, etc. und ihrer jeweiligen europ\u00e4ischen Tochterunternehmen im Rahmen der Kommunikation [&hellip;]<\/p>\n","protected":false},"author":1,"featured_media":0,"parent":0,"menu_order":0,"comment_status":"closed","ping_status":"open","template":"","meta":{"_bbp_topic_count":0,"_bbp_reply_count":0,"_bbp_total_topic_count":0,"_bbp_total_reply_count":0,"_bbp_voice_count":0,"_bbp_anonymous_reply_count":0,"_bbp_topic_count_hidden":0,"_bbp_reply_count_hidden":0,"_bbp_forum_subforum_count":0},"_links":{"self":[{"href":"https:\/\/kgv-fortschritt-liebertwolkwitz.de\/index.php\/wp-json\/wp\/v2\/pages\/3"}],"collection":[{"href":"https:\/\/kgv-fortschritt-liebertwolkwitz.de\/index.php\/wp-json\/wp\/v2\/pages"}],"about":[{"href":"https:\/\/kgv-fortschritt-liebertwolkwitz.de\/index.php\/wp-json\/wp\/v2\/types\/page"}],"author":[{"embeddable":true,"href":"https:\/\/kgv-fortschritt-liebertwolkwitz.de\/index.php\/wp-json\/wp\/v2\/users\/1"}],"replies":[{"embeddable":true,"href":"https:\/\/kgv-fortschritt-liebertwolkwitz.de\/index.php\/wp-json\/wp\/v2\/comments?post=3"}],"version-history":[{"count":3,"href":"https:\/\/kgv-fortschritt-liebertwolkwitz.de\/index.php\/wp-json\/wp\/v2\/pages\/3\/revisions"}],"predecessor-version":[{"id":158,"href":"https:\/\/kgv-fortschritt-liebertwolkwitz.de\/index.php\/wp-json\/wp\/v2\/pages\/3\/revisions\/158"}],"wp:attachment":[{"href":"https:\/\/kgv-fortschritt-liebertwolkwitz.de\/index.php\/wp-json\/wp\/v2\/media?parent=3"}],"curies":[{"name":"wp","href":"https:\/\/api.w.org\/{rel}","templated":true}]}}