{"id":79,"date":"2022-12-16T13:59:35","date_gmt":"2022-12-16T12:59:35","guid":{"rendered":"https:\/\/kleingartenverei-qlxahrq5z.live-website.com\/?page_id=79"},"modified":"2023-12-04T00:29:57","modified_gmt":"2023-12-03T23:29:57","slug":"impressum","status":"publish","type":"page","link":"https:\/\/kgv-fortschritt-liebertwolkwitz.de\/index.php\/impressum\/","title":{"rendered":"Impressum"},"content":{"rendered":"\n<p>Gartenverein &#8220;Fortschritt&#8221; e.V. Liebertwolkwitz<\/p>\n\n\n\n<p>An der Brauerei 27<\/p>\n\n\n\n<p>04288 Leipzig<\/p>\n\n\n\n<p><strong>Telefon:<\/strong>&nbsp;<strong>+49 177 2853361&nbsp;<\/strong>&nbsp;<br><strong>E\u2011Mail:&nbsp; &nbsp;<\/strong>&nbsp;<a href=\"mailto:kgvfortschritt@gmx.net\">kgvfortschritt@gmx.net<\/a><br><br><\/p>\n\n\n\n<p><strong>Vertretungsberechtigter Vorstand:<\/strong>\u00a0Robert Kupke, Enrico Starke, Anne Telemann, Jacqueline Kupke\u00a0<br><\/p>\n\n\n\n<p><strong>Registergericht:<\/strong>&nbsp;Amtsgericht Leipzig<br><strong>Registernummer:<\/strong>&nbsp;VR 1440<br><br><br><strong>Steuernummer:<\/strong>&nbsp;231 \/ 140 \/ 20702<br><\/p>\n\n\n\n<p><strong>Inhaltlich Verantwortlicher gem\u00e4\u00df \u00a7 10 Absatz 3 MDStV:<\/strong>&nbsp;Robert Kupke<br>(Anschrift wie&nbsp;oben)<br><\/p>\n\n\n\n<p><strong>Haftungshinweis:<\/strong>&nbsp;Trotz sorgf\u00e4ltiger inhaltlicher Kontrolle \u00fcbernehmen wir keine Haftung f\u00fcr die Inhalte externer Links. F\u00fcr den Inhalt der verlinkten Seiten sind ausschlie\u00dflich deren Betreiber verantwortlich.<\/p>\n","protected":false},"excerpt":{"rendered":"<p>Gartenverein &#8220;Fortschritt&#8221; e.V. Liebertwolkwitz An der Brauerei 27 04288 Leipzig Telefon:&nbsp;+49 177 2853361&nbsp;&nbsp;E\u2011Mail:&nbsp; &nbsp;&nbsp;kgvfortschritt@gmx.net Vertretungsberechtigter Vorstand:\u00a0Robert Kupke, Enrico Starke, Anne Telemann, Jacqueline Kupke\u00a0 Registergericht:&nbsp;Amtsgericht LeipzigRegisternummer:&nbsp;VR 1440 Steuernummer:&nbsp;231 \/ 140 \/ 20702 Inhaltlich Verantwortlicher gem\u00e4\u00df \u00a7 10 Absatz 3 MDStV:&nbsp;Robert Kupke(Anschrift wie&nbsp;oben) Haftungshinweis:&nbsp;Trotz sorgf\u00e4ltiger inhaltlicher Kontrolle \u00fcbernehmen wir keine Haftung f\u00fcr die Inhalte externer Links. F\u00fcr [&hellip;]<\/p>\n","protected":false},"author":1,"featured_media":0,"parent":0,"menu_order":0,"comment_status":"closed","ping_status":"closed","template":"","meta":{"_bbp_topic_count":0,"_bbp_reply_count":0,"_bbp_total_topic_count":0,"_bbp_total_reply_count":0,"_bbp_voice_count":0,"_bbp_anonymous_reply_count":0,"_bbp_topic_count_hidden":0,"_bbp_reply_count_hidden":0,"_bbp_forum_subforum_count":0},"_links":{"self":[{"href":"https:\/\/kgv-fortschritt-liebertwolkwitz.de\/index.php\/wp-json\/wp\/v2\/pages\/79"}],"collection":[{"href":"https:\/\/kgv-fortschritt-liebertwolkwitz.de\/index.php\/wp-json\/wp\/v2\/pages"}],"about":[{"href":"https:\/\/kgv-fortschritt-liebertwolkwitz.de\/index.php\/wp-json\/wp\/v2\/types\/page"}],"author":[{"embeddable":true,"href":"https:\/\/kgv-fortschritt-liebertwolkwitz.de\/index.php\/wp-json\/wp\/v2\/users\/1"}],"replies":[{"embeddable":true,"href":"https:\/\/kgv-fortschritt-liebertwolkwitz.de\/index.php\/wp-json\/wp\/v2\/comments?post=79"}],"version-history":[{"count":5,"href":"https:\/\/kgv-fortschritt-liebertwolkwitz.de\/index.php\/wp-json\/wp\/v2\/pages\/79\/revisions"}],"predecessor-version":[{"id":247,"href":"https:\/\/kgv-fortschritt-liebertwolkwitz.de\/index.php\/wp-json\/wp\/v2\/pages\/79\/revisions\/247"}],"wp:attachment":[{"href":"https:\/\/kgv-fortschritt-liebertwolkwitz.de\/index.php\/wp-json\/wp\/v2\/media?parent=79"}],"curies":[{"name":"wp","href":"https:\/\/api.w.org\/{rel}","templated":true}]}}